{"id":57,"date":"2020-02-13T20:36:51","date_gmt":"2020-02-13T19:36:51","guid":{"rendered":"http:\/\/physiotherapie-schwedt.de\/?page_id=57"},"modified":"2020-03-09T21:33:28","modified_gmt":"2020-03-09T20:33:28","slug":"reflexzonenmassage-am-fuss","status":"publish","type":"page","link":"https:\/\/physiotherapie-schwedt.de\/?page_id=57","title":{"rendered":"Reflexzonenmassage am Fu\u00df"},"content":{"rendered":"\n<p>Die Anwendungsbereiche der Reflexzonenmassage am Fu\u00df ist breit gef\u00e4chert. Der Therapeut kann den Patienten z.B. von Migr\u00e4ne befreien. Sie ist eine sehr gute Umstellungstherapie bei heuschnupfengeplagten Patienten. Menstruationsbeschwerden k\u00f6nnen auf ein Minimum reduziert werden. Auch Verdauungsst\u00f6rungen oder H\u00f6rsturznachbehandlungen sind zum Beispiel g\u00fcnstig beeinflussbar. Selbst bei Asthmabronchiale und chronischen Rheumatikern kann die Therapie eine wesentliche Erleichterung im Krankheitsbild bringen.<\/p>\n\n\n\n<figure class=\"wp-block-image size-large is-resized\"><img loading=\"lazy\" decoding=\"async\" src=\"https:\/\/physiotherapie-schwedt.de\/wp-content\/uploads\/2020\/03\/Reflexzonen-Fuss.png\" alt=\"\" class=\"wp-image-190\" width=\"339\" height=\"421\" srcset=\"https:\/\/physiotherapie-schwedt.de\/wp-content\/uploads\/2020\/03\/Reflexzonen-Fuss.png 400w, https:\/\/physiotherapie-schwedt.de\/wp-content\/uploads\/2020\/03\/Reflexzonen-Fuss-241x300.png 241w\" sizes=\"auto, (max-width: 339px) 100vw, 339px\" \/><figcaption>Reflexzonen am Fu\u00df<\/figcaption><\/figure>\n\n\n\n<p><strong>Reflexzonen<\/strong><\/p>\n\n\n\n<p>Die bei der Reflexzonenmassage gemeinten\u00a0<em>Reflexzonen<\/em>\u00a0im K\u00f6rper sollen alle\u00a0<a href=\"https:\/\/de.wikipedia.org\/wiki\/Organ_(Biologie)\">Organe<\/a>\u00a0und Muskelgruppen auf der\u00a0<a href=\"https:\/\/de.wikipedia.org\/wiki\/Haut\">Hautoberfl\u00e4che<\/a>\u00a0und im Haut-Unterhautbereich \u201espiegeln\u201c. Sie sind nicht mit den bekannten\u00a0<a href=\"https:\/\/de.wikipedia.org\/wiki\/Dermatom_(Anatomie)#%C3%9Cbertragener_Schmerz\">Head-Zonen<\/a>\u00a0der Medizin identisch. Es soll sie am R\u00fccken, am Fu\u00df, an der Hand, am Ohr, an der Nase und am Sch\u00e4del geben. Diese Zonen sollen entweder diagnostisch (<a href=\"https:\/\/de.wikipedia.org\/wiki\/Iridologie\">Irisdiagnose<\/a>) oder im Rahmen einer Befundaufnahme oder therapeutisch (Reflexzonenmassage,\u00a0<a href=\"https:\/\/de.wikipedia.org\/wiki\/Akupunktur\">Akupunktur<\/a>\u00a0und\u00a0<a href=\"https:\/\/de.wikipedia.org\/wiki\/Akupressur\">Akupressur<\/a>) eingesetzt werden k\u00f6nnen.<br>Die Begriffe\u00a0<em>Reflexzone<\/em>\u00a0und\u00a0<em>Somatotopie<\/em>\u00a0werden oft synonym gebraucht. Als Reflexzone wird im Allgemeinen ein K\u00f6rperbereich bezeichnet, der aufgrund einer hypothetischen nicht genau beschriebenen reflexartigen Wechselwirkung als diagnostisch wie therapeutisch nutzbar aufgefasst wird. Der Begriff\u00a0<a href=\"https:\/\/de.wikipedia.org\/wiki\/Somatotopik\">Somatotopie<\/a>\u00a0hingegen hat einen\u00a0<a href=\"https:\/\/de.wikipedia.org\/wiki\/Ph%C3%A4nomenologie\">ph\u00e4nomenologischen<\/a>\u00a0Bezug: Er bezeichnet die quasi kartographische Darstellung des Gesamtorganismus auf einem seiner Teilbereiche. Die Nutzbarkeit vieler Somatotopien als Reflexzone und die Deutung vieler Reflexzonen als Somatotopien bringt es mit sich, dass die beiden Begriffe allgemein als austauschbar verstanden werden.<br>Es gibt keine einheitliche Darstellung der Reflexzonen \u2013 etwa an F\u00fc\u00dfen und H\u00e4nden, stattdessen gibt es viele voneinander abweichende, einander widersprechende Abbildungen.<\/p>\n\n\n\n<p><strong>Geschichte<\/strong><\/p>\n\n\n\n<p>Grunds\u00e4tzlich ist die Fu\u00dfreflexzonenbehandlung in den fern\u00f6stlichen Massagetraditionen bekannt: sie findet sich in der\u00a0<a href=\"https:\/\/de.wikipedia.org\/wiki\/Ayurveda\">ayurvedischen<\/a>\u00a0Massagetradition genauso wie in der historischen\u00a0<a href=\"https:\/\/de.wikipedia.org\/wiki\/Thai-Massage\">Thai-Massage<\/a>\u00a0und der chinesischen\u00a0<a href=\"https:\/\/de.wikipedia.org\/wiki\/Tuina\">Tuina<\/a>. Als Pionier der neueren westlichen Reflexzonenmassage gilt der amerikanische\u00a0<a href=\"https:\/\/de.wikipedia.org\/wiki\/Hals-Nasen-Ohren-Arzt\">Hals-Nasen-Ohren-Arzt<\/a>\u00a0William Fitzgerald (1872\u20131942). Er hatte Kenntnisse in den Methoden\u00a0<a href=\"https:\/\/de.wikipedia.org\/wiki\/Indianer\">indianischer<\/a>\u00a0<a href=\"https:\/\/de.wikipedia.org\/wiki\/Volksmedizin\">Volksmedizin<\/a>. Hierzu geh\u00f6ren Vorstellungen \u00fcber reflektorische Zusammenh\u00e4nge und eine Druckbehandlung, die seit Jahrhunderten angewendet worden sein sollen und auch gegenw\u00e4rtig in\u00a0<a href=\"https:\/\/de.wikipedia.org\/wiki\/Indianerreservat\">Indianerreservaten<\/a>\u00a0angewendet werden.<br>Fitzgerald entwickelte daraufhin ein System, in dem er den K\u00f6rper in zehn senkrechte Zonen einteilte. Dieses Konzept und die von ihm entwickelte Zonentherapie waren 1917 der Grundstein f\u00fcr die heutige Reflexzonen-Therapie. Sp\u00e4ter wurden diese L\u00e4ngszonen noch in jeweils drei Querzonen eingeteilt. Die Griff- und Drucktechniken der modernen Fu\u00dfreflexzonentherapie arbeitete Mitte des 20. Jahrhunderts die amerikanische Masseurin Eunice D. Ingham (1889\u20131974) heraus. Von Amerika aus kam die Reflexology \u00fcber England auch nach Deutschland.<sup><a href=\"https:\/\/de.wikipedia.org\/wiki\/Reflexzonenmassage#cite_note-3\">[3]<\/a><\/sup><br>Die Fu\u00dfreflexzonentherapie geh\u00f6rt zum Standardangebot in Heilpraktikerschulen und Massageschulen. Heute arbeiten haupts\u00e4chlich\u00a0<a href=\"https:\/\/de.wikipedia.org\/wiki\/Heilpraktiker\">Heilpraktiker<\/a>,\u00a0<a href=\"https:\/\/de.wikipedia.org\/wiki\/Physiotherapeut\">Physiotherapeuten<\/a>\u00a0und\u00a0<a href=\"https:\/\/de.wikipedia.org\/wiki\/Masseur\">Masseure<\/a>\u00a0mit dieser Therapieform: Es sind Massagen, bei denen drucksensible Zonen zur Befunderhebung und durch mechanische oder andere Reizung (<a href=\"https:\/\/de.wikipedia.org\/wiki\/Low-Level-Lasertherapie\">Low-Level-Lasertherapie<\/a>, Farbstrahler,\u00a0<a href=\"https:\/\/de.wikipedia.org\/wiki\/Farbtherapie\">Farbauflagen<\/a>, Edelsteine u.\u00a0a.) stimuliert werden. Neben der den Heilberufen vorbehaltene Fu\u00dfreflexzonentherapie findet im Wellnessbereich eine Fu\u00dfreflexzonenmassage Anwendung, die vor allem eine entspannende Wirkung hat.<\/p>\n\n\n\n<p><strong>Literatur<\/strong><\/p>\n\n\n\n<ul class=\"wp-block-list\"><li>Martine Faure-Alderson:&nbsp;<em>Reflexzonentherapie total.<\/em>&nbsp;AT Verlag, Aarau 2011,&nbsp;<a href=\"https:\/\/de.wikipedia.org\/wiki\/Spezial:ISBN-Suche\/9783038005384\">ISBN 978-3-03800-538-4<\/a>.<\/li><li>Eunice D. Ingham:&nbsp;<em>Geschichten, die die F\u00fc\u00dfe erz\u00e4hlen.<\/em>&nbsp;2 B\u00e4nde. Drei Eichen, Hammelburg 2002,&nbsp;<a href=\"https:\/\/de.wikipedia.org\/wiki\/Spezial:ISBN-Suche\/9783769905441\">ISBN 978-3-76990-544-1<\/a>.<\/li><li>Bernard C. Kolster, Astrid Waskowiak:&nbsp;<em>Knaurs Atlas der Reflexzonentherapie.<\/em>&nbsp;Weltbild, Augsburg 2005,&nbsp;<a href=\"https:\/\/de.wikipedia.org\/wiki\/Spezial:ISBN-Suche\/9783898971485\">ISBN 978-3-898-97148-5<\/a>.<\/li><li>Hanne Marquardt:&nbsp;<em>Praktisches Lehrbuch der Reflexzonentherapie am Fu\u00df.<\/em>&nbsp;Hippokrates, 5. Auflage, Stuttgart 2001,&nbsp;<a href=\"https:\/\/de.wikipedia.org\/wiki\/Spezial:ISBN-Suche\/3777317845\">ISBN 3-7773-1784-5<\/a>.<\/li><li>G\u00fcnther Quilitzsch:&nbsp;<em>Manuelle Segmenttherapie \u2013 eine moderne Reflexzonenmassage.<\/em>&nbsp;M\u00fcller &amp; Steinicke, M\u00fcnchen 1986,&nbsp;<a href=\"https:\/\/de.wikipedia.org\/wiki\/Spezial:ISBN-Suche\/387569077X\">ISBN 3-87569-077-X<\/a>.<\/li><li>Chris Stormer:&nbsp;<em>Reflexology.<\/em>&nbsp;Hodder &amp; Stoughton, Dunton Green (Gro\u00dfbritannien) 1992<ul><li>Deutsche Ausgabe:&nbsp;<em>Reflexzonenmassage.<\/em>&nbsp;Aus dem Englischen \u00fcbersetzt von Clemens Wilhelm. Dromer Knaur, M\u00fcnchen 1994,&nbsp;<a href=\"https:\/\/de.wikipedia.org\/wiki\/Spezial:ISBN-Suche\/3426760525\">ISBN 3-426-76052-5<\/a>.<\/li><\/ul><\/li><\/ul>\n\n\n\n<p><strong>Einzelnachweise<\/strong><\/p>\n\n\n\n<ol class=\"wp-block-list\"><li>&nbsp;Mei-Yeh Wang, Pei-Shan Tsai, Pi-Hsia Lee, Wen-Yin Chang, Che-Ming Yang:&nbsp;The efficacy of reflexology: systematic review. In:&nbsp;Journal of Advanced Nursing.&nbsp;Band&nbsp;62,&nbsp;Nr.&nbsp;5, Juni 2008,&nbsp;S.&nbsp;512\u2013520,&nbsp;<a href=\"https:\/\/de.wikipedia.org\/wiki\/Digital_Object_Identifier\">doi<\/a>:<a href=\"https:\/\/doi.org\/10.1111\/j.1365-2648.2008.04606.x\">10.1111\/j.1365-2648.2008.04606.x<\/a>.<\/li><li><a href=\"https:\/\/de.wikipedia.org\/wiki\/Reflexzonenmassage#cite_ref-2\">\u2191<\/a>&nbsp;K. von Ammon, M. Frei-Erb, F. Cardini, U. Daig, S. Dragan, G. Hegyi, P. Roberti di Sarsina, J. S\u00f6rensen, G. Lewith:&nbsp;<em>Complementary and alternative medicine provision in Europe\u2013first results approaching reality in an unclear field of practices.<\/em>&nbsp;In:&nbsp;<em>Forschende Komplement\u00e4rmedizin (2006).<\/em>&nbsp;Band 19 Suppl 2, 2012, S.&nbsp;37\u201343,&nbsp;<a href=\"https:\/\/de.wikipedia.org\/wiki\/Digital_Object_Identifier\">doi<\/a>:<a href=\"https:\/\/doi.org\/10.1159\/000343129\">10.1159\/000343129<\/a>,&nbsp;<a href=\"https:\/\/www.ncbi.nlm.nih.gov\/pubmed\/23883943?dopt=Abstract\">PMID 23883943<\/a>&nbsp;(Review).<\/li><li><a href=\"https:\/\/de.wikipedia.org\/wiki\/Reflexzonenmassage#cite_ref-3\">\u2191<\/a>&nbsp;Chris Stormer:&nbsp;<em>Reflexzonenmassage.<\/em>&nbsp;Dromer Knaur, M\u00fcnchen 1994, S. 11.<\/li><\/ol>\n","protected":false},"excerpt":{"rendered":"<p>Die Anwendungsbereiche der Reflexzonenmassage am Fu\u00df ist breit gef\u00e4chert. Der Therapeut kann den Patienten z.B. von Migr\u00e4ne befreien. Sie ist eine sehr gute Umstellungstherapie bei heuschnupfengeplagten Patienten. Menstruationsbeschwerden k\u00f6nnen auf ein Minimum reduziert werden. Auch Verdauungsst\u00f6rungen oder H\u00f6rsturznachbehandlungen sind zum Beispiel g\u00fcnstig beeinflussbar. Selbst bei Asthmabronchiale und chronischen Rheumatikern kann die Therapie eine wesentliche Erleichterung &hellip; <\/p>\n<p class=\"link-more\"><a href=\"https:\/\/physiotherapie-schwedt.de\/?page_id=57\" class=\"more-link\"><span class=\"screen-reader-text\">\u201eReflexzonenmassage am Fu\u00df\u201c<\/span> weiterlesen<\/a><\/p>\n","protected":false},"author":1,"featured_media":0,"parent":0,"menu_order":0,"comment_status":"closed","ping_status":"closed","template":"","meta":{"_exactmetrics_skip_tracking":false,"_exactmetrics_sitenote_active":false,"_exactmetrics_sitenote_note":"","_exactmetrics_sitenote_category":0,"_monsterinsights_skip_tracking":false,"_monsterinsights_sitenote_active":false,"_monsterinsights_sitenote_note":"","_monsterinsights_sitenote_category":0,"footnotes":""},"class_list":["post-57","page","type-page","status-publish","hentry"],"_links":{"self":[{"href":"https:\/\/physiotherapie-schwedt.de\/index.php?rest_route=\/wp\/v2\/pages\/57","targetHints":{"allow":["GET"]}}],"collection":[{"href":"https:\/\/physiotherapie-schwedt.de\/index.php?rest_route=\/wp\/v2\/pages"}],"about":[{"href":"https:\/\/physiotherapie-schwedt.de\/index.php?rest_route=\/wp\/v2\/types\/page"}],"author":[{"embeddable":true,"href":"https:\/\/physiotherapie-schwedt.de\/index.php?rest_route=\/wp\/v2\/users\/1"}],"replies":[{"embeddable":true,"href":"https:\/\/physiotherapie-schwedt.de\/index.php?rest_route=%2Fwp%2Fv2%2Fcomments&post=57"}],"version-history":[{"count":11,"href":"https:\/\/physiotherapie-schwedt.de\/index.php?rest_route=\/wp\/v2\/pages\/57\/revisions"}],"predecessor-version":[{"id":199,"href":"https:\/\/physiotherapie-schwedt.de\/index.php?rest_route=\/wp\/v2\/pages\/57\/revisions\/199"}],"wp:attachment":[{"href":"https:\/\/physiotherapie-schwedt.de\/index.php?rest_route=%2Fwp%2Fv2%2Fmedia&parent=57"}],"curies":[{"name":"wp","href":"https:\/\/api.w.org\/{rel}","templated":true}]}}