{"id":16,"date":"2020-02-13T17:50:11","date_gmt":"2020-02-13T16:50:11","guid":{"rendered":"http:\/\/physiotherapie-schwedt.de\/?page_id=16"},"modified":"2020-02-14T00:13:59","modified_gmt":"2020-02-13T23:13:59","slug":"impressum","status":"publish","type":"page","link":"https:\/\/physiotherapie-schwedt.de\/?page_id=16","title":{"rendered":"Impressum"},"content":{"rendered":"\n<p class=\"has-text-align-center\"><strong>Angaben gem\u00e4\u00df \u00a75 des Telemediengesetzes<\/strong><\/p>\n\n\n\n<h2 class=\"wp-block-heading\"><strong>PHYSIOTHERAPIE<br>Norma B\u00f6ttcher<\/strong><\/h2>\n\n\n\n<div class=\"wp-block-jetpack-contact-info\">\n<div class=\"wp-block-jetpack-email\"><a href=\"mailto:physio.schwedt@gmail.com\">physio.schwedt@gmail.com<\/a><\/div>\n\n\n\n<div class=\"wp-block-jetpack-phone\"><span class=\"phone-prefix\">Tel. <\/span><a href=\"tel:03332251058\">03332 251058<\/a><\/div>\n\n\n\n<div class=\"wp-block-jetpack-address\"><a href=\"https:\/\/www.google.com\/maps\/search\/Berliner+Str. 115a,+Schwedt\/O.,+Brandenburg,+16303+Deutschland\" target=\"_blank\" rel=\"noopener noreferrer\" title=\"Adresse in Google Maps \u00f6ffnen\"><div class=\"jetpack-address__address jetpack-address__address1\">Berliner Str. 115a<\/div><div><span class=\"jetpack-address__city\">Schwedt\/O.<\/span>, <span class=\"jetpack-address__region\">Brandenburg<\/span> <span class=\"jetpack-address__postal\">16303<\/span><\/div><div class=\"jetpack-address__country\">Deutschland<\/div><\/a><\/div>\n<\/div>\n\n\n\n\n\n<p><strong>Aufsichtsbeh\u00f6rde:<\/strong><br>Bezirksamt Eimsb\u00fcttel &#8211; Fachamt Gesundheit<br>Grindelberg 62-66<br>20144 Hamburg<br><a href=\"http:\/\/www.hamburg.de\/eimsbuettel\/\" target=\"_blank\" rel=\"noreferrer noopener\">http:\/\/www.hamburg.de\/eimsbuettel\/<\/a><\/p>\n\n\n\n<p><strong>Information nach dem Verbraucherstreit\u00adbeilegungsgesetz (VSBG):<\/strong><br>F\u00fcr au\u00dfergerichtliche Beilegungen von verbraucherrechtlichen Streitigkeiten hat die Europ\u00e4ische Union eine Onlineplattform (\u201eOS-Plattform\u201c) eingerichtet, an die Sie sich wenden k\u00f6nnen. Die Plattform finden Sie unter:&nbsp;<a href=\"http:\/\/ec.europa.eu\/consumers\/odr\/\" target=\"_blank\" rel=\"noreferrer noopener\">http:\/\/ec.europa.eu\/consumers\/odr\/<\/a><\/p>\n\n\n\n<div class=\"wp-block-jetpack-contact-info\">\n<div class=\"wp-block-jetpack-email\">Unsere E-Mail-Adresse lautet: <a href=\"mailto:physio.schwedt@gmail.com\">physio.schwedt@gmail.com<\/a><\/div>\n<\/div>\n\n\n\n<p>Wir sind nicht bereit und nicht verpflichtet, an Streitbeilegungsverfahren vor einer Verbraucherschlichtungsstelle im Sinne des Verbraucherstreit\u00adbeilegungsgesetzes teilzunehmen.<\/p>\n","protected":false},"excerpt":{"rendered":"<p>Angaben gem\u00e4\u00df \u00a75 des Telemediengesetzes PHYSIOTHERAPIENorma B\u00f6ttcher Aufsichtsbeh\u00f6rde:Bezirksamt Eimsb\u00fcttel &#8211; Fachamt GesundheitGrindelberg 62-6620144 Hamburghttp:\/\/www.hamburg.de\/eimsbuettel\/ Information nach dem Verbraucherstreit\u00adbeilegungsgesetz (VSBG):F\u00fcr au\u00dfergerichtliche Beilegungen von verbraucherrechtlichen Streitigkeiten hat die Europ\u00e4ische Union eine Onlineplattform (\u201eOS-Plattform\u201c) eingerichtet, an die Sie sich wenden k\u00f6nnen. Die Plattform finden Sie unter:&nbsp;http:\/\/ec.europa.eu\/consumers\/odr\/ Wir sind nicht bereit und nicht verpflichtet, an Streitbeilegungsverfahren vor einer Verbraucherschlichtungsstelle &hellip; <\/p>\n<p class=\"link-more\"><a href=\"https:\/\/physiotherapie-schwedt.de\/?page_id=16\" class=\"more-link\"><span class=\"screen-reader-text\">\u201eImpressum\u201c<\/span> weiterlesen<\/a><\/p>\n","protected":false},"author":1,"featured_media":0,"parent":0,"menu_order":0,"comment_status":"closed","ping_status":"closed","template":"","meta":{"_exactmetrics_skip_tracking":false,"_exactmetrics_sitenote_active":false,"_exactmetrics_sitenote_note":"","_exactmetrics_sitenote_category":0,"_monsterinsights_skip_tracking":false,"_monsterinsights_sitenote_active":false,"_monsterinsights_sitenote_note":"","_monsterinsights_sitenote_category":0,"footnotes":""},"class_list":["post-16","page","type-page","status-publish","hentry"],"_links":{"self":[{"href":"https:\/\/physiotherapie-schwedt.de\/index.php?rest_route=\/wp\/v2\/pages\/16","targetHints":{"allow":["GET"]}}],"collection":[{"href":"https:\/\/physiotherapie-schwedt.de\/index.php?rest_route=\/wp\/v2\/pages"}],"about":[{"href":"https:\/\/physiotherapie-schwedt.de\/index.php?rest_route=\/wp\/v2\/types\/page"}],"author":[{"embeddable":true,"href":"https:\/\/physiotherapie-schwedt.de\/index.php?rest_route=\/wp\/v2\/users\/1"}],"replies":[{"embeddable":true,"href":"https:\/\/physiotherapie-schwedt.de\/index.php?rest_route=%2Fwp%2Fv2%2Fcomments&post=16"}],"version-history":[{"count":7,"href":"https:\/\/physiotherapie-schwedt.de\/index.php?rest_route=\/wp\/v2\/pages\/16\/revisions"}],"predecessor-version":[{"id":89,"href":"https:\/\/physiotherapie-schwedt.de\/index.php?rest_route=\/wp\/v2\/pages\/16\/revisions\/89"}],"wp:attachment":[{"href":"https:\/\/physiotherapie-schwedt.de\/index.php?rest_route=%2Fwp%2Fv2%2Fmedia&parent=16"}],"curies":[{"name":"wp","href":"https:\/\/api.w.org\/{rel}","templated":true}]}}